{"id":17,"date":"2022-07-27T12:07:11","date_gmt":"2022-07-27T10:07:11","guid":{"rendered":"https:\/\/demetra.netserv.it\/?page_id=17"},"modified":"2022-09-23T17:30:07","modified_gmt":"2022-09-23T15:30:07","slug":"scopri-demetra","status":"publish","type":"page","link":"https:\/\/www.progetto-demetra.it\/","title":{"rendered":"Scopri Demetra"},"content":{"rendered":"<p>[et_pb_section fb_built=&#8221;1&#8243; next_background_color=&#8221;#ffffff&#8221; _builder_version=&#8221;4.17.6&#8243; _module_preset=&#8221;default&#8221; background_image=&#8221;https:\/\/www.progetto-demetra.it\/wp-content\/uploads\/2022\/09\/nastri.jpg&#8221; bottom_divider_style=&#8221;wave&#8221; locked=&#8221;off&#8221; global_colors_info=&#8221;{}&#8221;][et_pb_row _builder_version=&#8221;4.17.6&#8243; _module_preset=&#8221;default&#8221; width=&#8221;100%&#8221; max_width=&#8221;2560px&#8221; custom_padding=&#8221;27px|||||&#8221; global_colors_info=&#8221;{}&#8221;][et_pb_column type=&#8221;4_4&#8243; _builder_version=&#8221;4.17.6&#8243; _module_preset=&#8221;default&#8221; global_colors_info=&#8221;{}&#8221;][et_pb_text _builder_version=&#8221;4.17.6&#8243; _module_preset=&#8221;default&#8221; header_text_color=&#8221;#FFFFFF&#8221; background_color=&#8221;rgba(0,0,0,0.25)&#8221; width=&#8221;100%&#8221; max_width=&#8221;100%&#8221; custom_margin=&#8221;50px||100px||false|false&#8221; animation_style=&#8221;slide&#8221; global_colors_info=&#8221;{}&#8221;]<\/p>\n<h1 style=\"text-align: center;\"><strong>IL PROGETTO<\/strong><\/h1>\n<h1 style=\"text-align: center;\"><span class=\"text-white\">Pi\u00f9 sicurezza e qualit\u00e0 per l&#8217;industria agroalimentare<\/span><\/h1>\n<p>[\/et_pb_text][\/et_pb_column][\/et_pb_row][\/et_pb_section][et_pb_section fb_built=&#8221;1&#8243; _builder_version=&#8221;4.17.6&#8243; _module_preset=&#8221;default&#8221; custom_padding=&#8221;||9px|||&#8221; global_colors_info=&#8221;{}&#8221;][et_pb_row column_structure=&#8221;1_2,1_2&#8243; _builder_version=&#8221;4.17.6&#8243; _module_preset=&#8221;default&#8221; global_colors_info=&#8221;{}&#8221;][et_pb_column type=&#8221;1_2&#8243; _builder_version=&#8221;4.17.6&#8243; _module_preset=&#8221;default&#8221; global_colors_info=&#8221;{}&#8221;][et_pb_image src=&#8221;https:\/\/www.progetto-demetra.it\/wp-content\/uploads\/2022\/08\/blocchi.png&#8221; title_text=&#8221;blocchi&#8221; _builder_version=&#8221;4.17.6&#8243; _module_preset=&#8221;default&#8221; animation_style=&#8221;slide&#8221; animation_direction=&#8221;left&#8221; global_colors_info=&#8221;{}&#8221;][\/et_pb_image][\/et_pb_column][et_pb_column type=&#8221;1_2&#8243; _builder_version=&#8221;4.17.6&#8243; _module_preset=&#8221;default&#8221; global_colors_info=&#8221;{}&#8221;][et_pb_text _builder_version=&#8221;4.17.6&#8243; _module_preset=&#8221;default&#8221; global_colors_info=&#8221;{}&#8221;]<\/p>\n<p><span style=\"font-weight: 400;\">Il progetto DEMETRA migliora la sicurezza e la qualit\u00e0 dei cibi tramite la messa a punto di tecnologie innovative per il loro trattamento, marcatura e tracciatura. Le attivit\u00e0 sono condotte da un partenariato composto da: UNICAL, coordinatore, sviluppatore di tecnologie di marcatura e caratterizzatore; CSM, centro di ricerca, e ECOR INTERNATIONAL, fornitore strategico di primarie aziende del settore packaging, per lo sviluppo di tecnologie industriali; POSTE ITALIANE, la pi\u00f9 grande infrastruttura del paese, e NET SERVICE, sviluppatore di software, per le tecnologie informatiche e Blockchain.<\/span><\/p>\n<p>[\/et_pb_text][\/et_pb_column][\/et_pb_row][\/et_pb_section][et_pb_section fb_built=&#8221;1&#8243; _builder_version=&#8221;4.17.6&#8243; _module_preset=&#8221;default&#8221; background_image=&#8221;https:\/\/www.progetto-demetra.it\/wp-content\/uploads\/2022\/09\/back-1-scaled.jpg&#8221; parallax=&#8221;on&#8221; background_blend=&#8221;darken&#8221; hover_enabled=&#8221;0&#8243; global_colors_info=&#8221;{}&#8221; title_text=&#8221;back&#8221; sticky_enabled=&#8221;0&#8243;][et_pb_row _builder_version=&#8221;4.17.6&#8243; _module_preset=&#8221;default&#8221; custom_margin=&#8221;-65px|auto||auto||&#8221; global_colors_info=&#8221;{}&#8221;][et_pb_column type=&#8221;4_4&#8243; _builder_version=&#8221;4.17.6&#8243; _module_preset=&#8221;default&#8221; global_colors_info=&#8221;{}&#8221;][et_pb_text _builder_version=&#8221;4.17.6&#8243; _module_preset=&#8221;default&#8221; global_colors_info=&#8221;{}&#8221;]<\/p>\n<p><strong>Le attivit\u00e0 di sviluppo si articolano lungo tre direttrici, che si integrano in un dimostratore comune, costituito da:\u00a0<\/strong><\/p>\n<p>1. Tecnologie avanzate di materiali e trattamenti superficiali per le parti a contatto col cibo negli impianti di trattamento e confezionamento, per migliorarne la pulibilit\u00e0 e per eliminare il rilascio nei cibi di elementi potenzialmente nocivi. Ci\u00f2 porta ad un incremento della sicurezza dei cibi e della produttivit\u00e0 degli impianti, riducendo altres\u00ec la quantit\u00e0 di acqua necessaria per la pulizia e quindi l\u2019impatto sull\u2019ecosistema.\u00a0<\/p>\n<p>2. Sistemi informatici basati su architettura blockchain e avanzate soluzioni crittografiche per tracciare tutti gli eventi salienti relativi all\u2019intera filiera di produzione, trasformazione, trasporto e vendita prodotti. Questo consente di monitorare i processi, determinando in maniera univoca momenti, attori e responsabilit\u00e0, contribuendo cos\u00ec alla sicurezza della catena alimentare.\u00a0<\/p>\n<p>3. Sistema di marcatura fortemente innovativo, basato su oggetti che, per la loro microstruttura, siano intrinsecamente non riproducibili. Applicati sulla confezione associano in modo univoco uno specifico prodotto alle informazioni contenute nel sistema di tracciatura, costituendo anche un potente strumento anticontraffazione. Nel progetto viene studiato l\u2019effetto della combinazione delle tre tecnologie, che permette di moltiplicarne l\u2019impatto sul settore di riferimento. Tale integrazione \u00e8 validata tramite un sistema dimostrativo. Una ricaduta immediata dei risultati potr\u00e0 essere la proposta di introduzione di un marchio di qualit\u00e0 specifico per aziende che adottino i sistemi sviluppati nel corso del progetto, ma l\u2019approccio proposto nel progetto ha una portata che travalica il caso specifico, e potr\u00e0 essere in futuro applicato a altre innovazioni tecnologiche.<\/p>\n<p>[\/et_pb_text][\/et_pb_column][\/et_pb_row][\/et_pb_section]<\/p>\n","protected":false},"excerpt":{"rendered":"<p>IL PROGETTO Pi\u00f9 sicurezza e qualit\u00e0 per l&#8217;industria agroalimentareIl progetto DEMETRA migliora la sicurezza e la qualit\u00e0 dei cibi tramite la messa a punto di tecnologie innovative per il loro trattamento, marcatura e tracciatura. Le attivit\u00e0 sono condotte da un partenariato composto da: UNICAL, coordinatore, sviluppatore di tecnologie di marcatura e caratterizzatore; CSM, centro di [&hellip;]<\/p>\n","protected":false},"author":1,"featured_media":0,"parent":0,"menu_order":0,"comment_status":"closed","ping_status":"closed","template":"","meta":{"_et_pb_use_builder":"on","_et_pb_old_content":"","_et_gb_content_width":"","footnotes":""},"class_list":["post-17","page","type-page","status-publish","hentry"],"_links":{"self":[{"href":"https:\/\/www.progetto-demetra.it\/index.php?rest_route=\/wp\/v2\/pages\/17","targetHints":{"allow":["GET"]}}],"collection":[{"href":"https:\/\/www.progetto-demetra.it\/index.php?rest_route=\/wp\/v2\/pages"}],"about":[{"href":"https:\/\/www.progetto-demetra.it\/index.php?rest_route=\/wp\/v2\/types\/page"}],"author":[{"embeddable":true,"href":"https:\/\/www.progetto-demetra.it\/index.php?rest_route=\/wp\/v2\/users\/1"}],"replies":[{"embeddable":true,"href":"https:\/\/www.progetto-demetra.it\/index.php?rest_route=%2Fwp%2Fv2%2Fcomments&post=17"}],"version-history":[{"count":27,"href":"https:\/\/www.progetto-demetra.it\/index.php?rest_route=\/wp\/v2\/pages\/17\/revisions"}],"predecessor-version":[{"id":309,"href":"https:\/\/www.progetto-demetra.it\/index.php?rest_route=\/wp\/v2\/pages\/17\/revisions\/309"}],"wp:attachment":[{"href":"https:\/\/www.progetto-demetra.it\/index.php?rest_route=%2Fwp%2Fv2%2Fmedia&parent=17"}],"curies":[{"name":"wp","href":"https:\/\/api.w.org\/{rel}","templated":true}]}}