{"id":70,"date":"2022-07-27T16:12:14","date_gmt":"2022-07-27T14:12:14","guid":{"rendered":"https:\/\/demetra.netserv.it\/?page_id=70"},"modified":"2022-09-23T18:02:08","modified_gmt":"2022-09-23T16:02:08","slug":"partner","status":"publish","type":"page","link":"https:\/\/www.progetto-demetra.it\/?page_id=70","title":{"rendered":"Partner"},"content":{"rendered":"<p>[et_pb_section fb_built=&#8221;1&#8243; next_background_color=&#8221;#ffffff&#8221; _builder_version=&#8221;4.17.6&#8243; _module_preset=&#8221;default&#8221; background_image=&#8221;https:\/\/www.progetto-demetra.it\/wp-content\/uploads\/2022\/08\/partner_back.jpg&#8221; bottom_divider_style=&#8221;wave&#8221; global_colors_info=&#8221;{}&#8221;][et_pb_row _builder_version=&#8221;4.17.6&#8243; _module_preset=&#8221;default&#8221; width=&#8221;100%&#8221; max_width=&#8221;2560px&#8221; global_colors_info=&#8221;{}&#8221;][et_pb_column type=&#8221;4_4&#8243; _builder_version=&#8221;4.17.6&#8243; _module_preset=&#8221;default&#8221; global_colors_info=&#8221;{}&#8221;][et_pb_text _builder_version=&#8221;4.17.6&#8243; _module_preset=&#8221;default&#8221; header_text_color=&#8221;#FFFFFF&#8221; background_color=&#8221;rgba(0,0,0,0.25)&#8221; width=&#8221;100%&#8221; max_width=&#8221;100%&#8221; custom_margin=&#8221;50px||100px||false|false&#8221; animation_style=&#8221;slide&#8221; global_colors_info=&#8221;{}&#8221;]<\/p>\n<h1 style=\"text-align: center;\"><strong>\u00a0DEL PROGETTO PARTNER<\/strong><\/h1>\n<h1 style=\"text-align: center;\"><span class=\"text-white\">Un solido gruppo dietro un grande progetto<\/span><\/h1>\n<p>[\/et_pb_text][\/et_pb_column][\/et_pb_row][\/et_pb_section][et_pb_section fb_built=&#8221;1&#8243; _builder_version=&#8221;4.17.6&#8243; _module_preset=&#8221;default&#8221; global_colors_info=&#8221;{}&#8221;][et_pb_row _builder_version=&#8221;4.17.6&#8243; _module_preset=&#8221;default&#8221; global_colors_info=&#8221;{}&#8221;][et_pb_column type=&#8221;4_4&#8243; _builder_version=&#8221;4.17.6&#8243; _module_preset=&#8221;default&#8221; global_colors_info=&#8221;{}&#8221;][et_pb_accordion open_toggle_background_color=&#8221;#FFFFFF&#8221; closed_toggle_background_color=&#8221;#FFFFFF&#8221; icon_color=&#8221;#7eaa55&#8243; use_icon_font_size=&#8221;on&#8221; icon_font_size=&#8221;24px&#8221; _builder_version=&#8221;4.17.6&#8243; _module_preset=&#8221;default&#8221; hover_enabled=&#8221;0&#8243; global_colors_info=&#8221;{}&#8221; sticky_enabled=&#8221;0&#8243;][et_pb_accordion_item title=&#8221;RINA Consulting \u2013 Centro Sviluppo Materiali (CSM)&#8221; _builder_version=&#8221;4.17.6&#8243; _module_preset=&#8221;default&#8221; global_colors_info=&#8221;{}&#8221; open=&#8221;off&#8221;]<span style=\"font-weight: 400;\"><img loading=\"lazy\" decoding=\"async\" src=\"https:\/\/www.progetto-demetra.it\/wp-content\/uploads\/2022\/08\/rina_logo-300x171.png\" width=\"300\" height=\"171\" alt=\"\" class=\"wp-image-86 alignleft size-medium\" \/>RINA Consulting \u2013 Centro Sviluppo Materiali (CSM) \u00e8 un Centro di Ricerca Industriale privato, riconosciuto come un importante nodo della rete europea della ricerca e dell\u2019innovazione, che svolge attivit\u00e0 di ricerca per la competitivit\u00e0 delle imprese, con l\u2019obiettivo di sviluppare e trasferire sul piano industriale e sul mercato a livello mondiale l\u2019innovazione tecnologica nel settore strategico dei materiali e delle relative tecnologie di progettazione, produzione e impiego. Tutte le fasi dei progetti di R&amp;D incluse simulazioni, lavorazioni, preparazione e analisi dei campioni e mock-up e tutte le fasi di testing possono avvenire all\u2019interno delle strutture CSM. In particolare la sede di Lamezia Terme \u00e8 un centro integrato di competenze in cui operano 20 ricercatori e tecnici, con in particolare un laboratorio per l\u2019Ingegneria delle Superfici (analisi e caratterizzazione di superfici, tecniche di rivestimento cold spray e sol gel).<\/span>[\/et_pb_accordion_item][et_pb_accordion_item title=&#8221;Ecor International&#8221; open=&#8221;off&#8221; _builder_version=&#8221;4.17.6&#8243; _module_preset=&#8221;default&#8221; global_colors_info=&#8221;{}&#8221;]<img loading=\"lazy\" decoding=\"async\" src=\"https:\/\/www.progetto-demetra.it\/wp-content\/uploads\/2022\/08\/ecor_logo-1-300x195.png\" width=\"300\" height=\"195\" alt=\"\" class=\"wp-image-166 alignleft size-medium\" srcset=\"https:\/\/www.progetto-demetra.it\/wp-content\/uploads\/2022\/08\/ecor_logo-1-300x195.png 300w, https:\/\/www.progetto-demetra.it\/wp-content\/uploads\/2022\/08\/ecor_logo-1.png 480w\" sizes=\"(max-width: 300px) 100vw, 300px\" \/>Ecor International, sin dalle sue origini, investe in risorse umane, tecnologiche e organizzative, nella convinzione che un vantaggio competitivo sia sostenibile nel tempo solo se supportato da una ricerca continua dell\u2019eccellenza, coordinata da una strategia definita e condivisa con tutti i livelli aziendali. Il modello produttivo dell\u2019azienda sta evolvendo verso un sistema integrato di produzione e ricerca, nel quale le attivit\u00e0 di R&amp;D non sono pi\u00f9 considerate un patrimonio di stretta pertinenza dell\u2019azienda, ma vanno condotte e finalizzate assieme ai principali clienti. Tale integrazione si esplica anche in un incremento di flessibilit\u00e0, strumento decisivo per l\u2019apertura a nuovi mercati. A tal proposito, l\u2019azienda sta instaurando un network di collaborazioni quadro e progetti di sviluppo con Universit\u00e0 e Centri di Ricerca, in un\u2019ottica di sinergia delle competenze e delle capacit\u00e0; dalla ricerca di base allo sviluppo, alla prototipazione, all\u2019industrializzazione. L\u2019obiettivo del modello di business \u00e8 di portare valore aggiunto nel lungo periodo all\u2019impresa e a tutti i suoi stakeholders. In tale scenario, la formazione continua del capitale umano, il rispetto per l\u2019ambiente, l\u2019efficienza operativa, la salvaguardia della salute e della sicurezza delle persone che lavorano in Ecor International, il rispetto dei diritti umani e dell\u2019etica vengono considerati i principali asset su cui l\u2019azienda intende fare leva per il conseguimento di progetti e risultati. Ecor International \u00e8 organizzata secondo una struttura organizzativa a matrice controllata dal Board of Directors\/Top Management alle cui dirette dipendenze operano due macroaree: Technical Department ed Operation Department. Il TD comprende al proprio interno le funzioni R&amp;D, Engineering e Safety Technical Support che rappresentano il cuore delle competenze tecnico-scientifiche societarie. L&#8217;OD rappresenta le funzioni interessate al ciclo produttivo: Quality, Welding, Assembly, Supply Chain, Engineering Process.<br \/>\nTrasversalmente operano tre Business Units, verticalizzate ed integrate in funzione del mercato di riferimento: Advanced Mechanics, Aerospace &amp; Defence e Food Industry. A supporto operano le funzioni di Staff (AdminFinancial&amp;Control, Communication&amp;Marketing, Integrated Quality System ecc).[\/et_pb_accordion_item][et_pb_accordion_item title=&#8221;Poste Italiane&#8221; _builder_version=&#8221;4.17.6&#8243; _module_preset=&#8221;default&#8221; hover_enabled=&#8221;0&#8243; global_colors_info=&#8221;{}&#8221; open=&#8221;on&#8221; sticky_enabled=&#8221;0&#8243;]<img loading=\"lazy\" decoding=\"async\" src=\"https:\/\/www.progetto-demetra.it\/wp-content\/uploads\/2022\/08\/poste_logo-300x171.png\" width=\"300\" height=\"171\" alt=\"\" class=\"wp-image-87 alignleft size-medium\" \/>Per aumentare la propria capacit\u00e0 di innovazione POSTE Italiane collabora con universit\u00e0, Pubblica Amministrazione ed enti privati. Con il mondo accademico, persegue obiettivi di eccellenza partecipando a progetti nazionali su temi specifici di ricerca applicata e sperimentazione. Poste Italiane riconosce da sempre l\u2019importanza della ricerca come stimolo alla diffusione di una cultura innovativa e per migliorare il servizio e l\u2019interazione con i clienti. Il Centro di Ricerca ha il compito di introdurre metodologie e strumenti innovativi a supporto del business aziendale, avviando iniziative di ricerca scientifica in collaborazione con universit\u00e0, centri di ricerca e istituzioni locali, sperimentando e mettendo in produzione le soluzioni studiate. Nell&#8217;ambito della Cyber Security Poste Italiane ha adottato sistemi e tecnologie avanzate, maturando un impegno costante verso la sicurezza delle comunicazioni digitali e il contrasto al crimine informatico. L\u2019Azienda negli ultimi anni ha dato vita a poli tecnologici per la sicurezza informatica, tra i quali il Distretto Tecnologico Cyber Security, situato a Cosenza, il distretto \u00e8 un Polo tecnologico orientato alla ricerca industriale e allo sviluppo di soluzioni innovative. Per la realizzazione del progetto verranno messe a disposizione risorse altamente qualificate provenienti dalla sede centrale di Poste (sita in Roma)<br \/>\ne dal Distretto Cyber Security della Calabria.[\/et_pb_accordion_item][et_pb_accordion_item title=&#8221;Universit\u00e0 della Calabria&#8221; _builder_version=&#8221;4.17.6&#8243; _module_preset=&#8221;default&#8221; global_colors_info=&#8221;{}&#8221; open=&#8221;off&#8221;]<img loading=\"lazy\" decoding=\"async\" src=\"https:\/\/www.progetto-demetra.it\/wp-content\/uploads\/2022\/08\/unical_logo-1-300x195.png\" width=\"300\" height=\"195\" alt=\"\" class=\"wp-image-165 alignleft size-medium\" srcset=\"https:\/\/www.progetto-demetra.it\/wp-content\/uploads\/2022\/08\/unical_logo-1-300x195.png 300w, https:\/\/www.progetto-demetra.it\/wp-content\/uploads\/2022\/08\/unical_logo-1.png 480w\" sizes=\"(max-width: 300px) 100vw, 300px\" \/>I gruppi di lavoro dell\u2019Universit\u00e0 della Calabria (UNICAL) che svolgono le attivit\u00e0 di ricerca previste nel progetto Demetra sono stati selezionati sulla base della duplice necessit\u00e0 di garantire sia le competenze teoriche richieste che la disponibilit\u00e0 delle migliori attrezzature tecnico\/scientifiche a disposizione presso i relativi laboratori di ricerca.<br \/>\nSono coinvolti: il Dipartimento di Fisica, a cui \u00e8 demandato il compito di coordinare le attivit\u00e0 generali presso l\u2019Universit\u00e0 della Calabria, con il gruppo di Fisica Molecolare, attivo nel campo della fisica, ottica e fotonica della Soft Matter, e con il gruppo di Spettroscopia delle Superfici, dedicato allo studio sperimentale delle propriet\u00e0 chimico-fisiche di superfici ed interfacce in sistemi e materiali innovativi; il Dipartimento di Farmacia e Scienze della Salute e della Nutrizione, con competenze sull\u2019analisi del grado di pulizia delle superfici per il trattamento del food, e Chimica degli Alimenti; il Dipartimento di Chimica e Tecnologie Chimiche, con competenze su analisi chimiche di prodotti alimentari, spettrometria di massa, qualit\u00e0 e sicurezza degli alimenti; il Dipartimento di Biologia, Ecologia e Scienze della Terra, per le analisi di tipo biologico delle superfici allo studio; il Dipartimento di Ingegneria Meccanica, Energetica e Gestionale, per l\u2019analisi dei servizi di filiera; il Dipartimento di Scienze Aziendali e Giuridiche, per il trasferimento tecnologico e l\u2019analisi della catena del valore; il Dipartimento di Ingegneria Informatica, Modellistica, Elettronica e Sistemistica, per le applicazioni di tipo informatico e di sicurezza informatica, come la blockchain, anche in collaborazione col Dipartimento di Matematica e Informatica.[\/et_pb_accordion_item][et_pb_accordion_item title=&#8221;Net Service&#8221; _builder_version=&#8221;4.17.6&#8243; _module_preset=&#8221;default&#8221; global_colors_info=&#8221;{}&#8221; open=&#8221;off&#8221;]<img loading=\"lazy\" decoding=\"async\" src=\"https:\/\/www.progetto-demetra.it\/wp-content\/uploads\/2022\/09\/logo_netservice-300x171.png\" width=\"300\" height=\"171\" alt=\"\" class=\"wp-image-172 alignleft size-medium\" \/> Il gruppo di Ricerca di Netservice S.p.A. si occupa dal 2014 di ricerca industriale su tematiche Blockchain e processi di certificazione digitale tramite l&#8217;ausilio di Smart Contract. Il Gruppo si occupa inoltre di problematiche di Cyber Security, IOT e Intelligenza Artificiale. Il gruppo di ricerca \u00e8 distribuito su 4 diverse sedi operative (Lecce, Rende, Cagliari e Bologna) e attualmente collabora con Universit\u00e0 ed Enti di Ricerca nazionali ed europei su tematiche relative alla scalabilit\u00e0 delle blockchain e allo sfruttamento delle tecnologie IOT in ambito Agroalimentare.[\/et_pb_accordion_item][\/et_pb_accordion][\/et_pb_column][\/et_pb_row][\/et_pb_section]<\/p>\n","protected":false},"excerpt":{"rendered":"<p>\u00a0DEL PROGETTO PARTNER Un solido gruppo dietro un grande progettoRINA Consulting \u2013 Centro Sviluppo Materiali (CSM) \u00e8 un Centro di Ricerca Industriale privato, riconosciuto come un importante nodo della rete europea della ricerca e dell\u2019innovazione, che svolge attivit\u00e0 di ricerca per la competitivit\u00e0 delle imprese, con l\u2019obiettivo di sviluppare e trasferire sul piano industriale e [&hellip;]<\/p>\n","protected":false},"author":1,"featured_media":0,"parent":0,"menu_order":0,"comment_status":"closed","ping_status":"closed","template":"","meta":{"_et_pb_use_builder":"on","_et_pb_old_content":"","_et_gb_content_width":"","footnotes":""},"class_list":["post-70","page","type-page","status-publish","hentry"],"_links":{"self":[{"href":"https:\/\/www.progetto-demetra.it\/index.php?rest_route=\/wp\/v2\/pages\/70","targetHints":{"allow":["GET"]}}],"collection":[{"href":"https:\/\/www.progetto-demetra.it\/index.php?rest_route=\/wp\/v2\/pages"}],"about":[{"href":"https:\/\/www.progetto-demetra.it\/index.php?rest_route=\/wp\/v2\/types\/page"}],"author":[{"embeddable":true,"href":"https:\/\/www.progetto-demetra.it\/index.php?rest_route=\/wp\/v2\/users\/1"}],"replies":[{"embeddable":true,"href":"https:\/\/www.progetto-demetra.it\/index.php?rest_route=%2Fwp%2Fv2%2Fcomments&post=70"}],"version-history":[{"count":26,"href":"https:\/\/www.progetto-demetra.it\/index.php?rest_route=\/wp\/v2\/pages\/70\/revisions"}],"predecessor-version":[{"id":317,"href":"https:\/\/www.progetto-demetra.it\/index.php?rest_route=\/wp\/v2\/pages\/70\/revisions\/317"}],"wp:attachment":[{"href":"https:\/\/www.progetto-demetra.it\/index.php?rest_route=%2Fwp%2Fv2%2Fmedia&parent=70"}],"curies":[{"name":"wp","href":"https:\/\/api.w.org\/{rel}","templated":true}]}}